{"id":66,"date":"2024-08-10T12:44:35","date_gmt":"2024-08-10T12:44:35","guid":{"rendered":"https:\/\/lqf.vbc.su\/?page_id=66"},"modified":"2025-06-15T23:16:31","modified_gmt":"2025-06-15T22:16:31","slug":"contact","status":"publish","type":"page","link":"https:\/\/lequartierfrancophone.fr\/evian\/en\/contact\/","title":{"rendered":"Contact"},"content":{"rendered":"\t\t<div data-elementor-type=\"wp-page\" data-elementor-id=\"66\" class=\"elementor elementor-66\" data-elementor-post-type=\"page\">\n\t\t\t\t<div class=\"elementor-element elementor-element-9a73daa e-flex e-con-boxed e-con e-parent\" data-id=\"9a73daa\" data-element_type=\"container\" data-settings=\"{&quot;background_background&quot;:&quot;classic&quot;}\">\n\t\t\t\t\t<div class=\"e-con-inner\">\n\t\t\t\t<div class=\"elementor-element elementor-element-43ffefe elementor-widget elementor-widget-heading\" data-id=\"43ffefe\" data-element_type=\"widget\" data-widget_type=\"heading.default\">\n\t\t\t\t<div class=\"elementor-widget-container\">\n\t\t\t\t\t<h2 class=\"elementor-heading-title elementor-size-default\">Contactez-nous \u00e0 votre convenance !<\/h2>\t\t\t\t<\/div>\n\t\t\t\t<\/div>\n\t\t\t\t\t<\/div>\n\t\t\t\t<\/div>\n\t\t<div class=\"elementor-element elementor-element-a39a8e1 e-flex e-con-boxed e-con e-parent\" data-id=\"a39a8e1\" data-element_type=\"container\">\n\t\t\t\t\t<div class=\"e-con-inner\">\n\t\t\t\t<div class=\"elementor-element elementor-element-b9ac477 elementor-widget elementor-widget-breadcrumbs\" data-id=\"b9ac477\" data-element_type=\"widget\" data-widget_type=\"breadcrumbs.default\">\n\t\t\t\t<div class=\"elementor-widget-container\">\n\t\t\t\t\t<p id=\"breadcrumbs\"><span><span><a href=\"https:\/\/lequartierfrancophone.fr\/evian\/\">Accueil<\/a><\/span><\/span><\/p>\t\t\t\t<\/div>\n\t\t\t\t<\/div>\n\t\t\t\t\t<\/div>\n\t\t\t\t<\/div>\n\t\t<div class=\"elementor-element elementor-element-ed344bc pad-t-s e-flex e-con-boxed e-con e-parent\" data-id=\"ed344bc\" data-element_type=\"container\">\n\t\t\t\t\t<div class=\"e-con-inner\">\n\t\t\t\t<div class=\"elementor-element elementor-element-86e8907 elementor-widget__width-initial elementor-widget-mobile__width-initial elementor-widget-widescreen__width-initial elementor-widget-laptop__width-initial elementor-widget-tablet_extra__width-initial elementor-widget-tablet__width-initial elementor-widget-mobile_extra__width-initial elementor-widget elementor-widget-global elementor-global-26495 elementor-widget-form\" data-id=\"86e8907\" data-element_type=\"widget\" data-settings=\"{&quot;step_next_label&quot;:&quot;Next&quot;,&quot;step_previous_label&quot;:&quot;Previous&quot;,&quot;button_width&quot;:&quot;50&quot;,&quot;step_type&quot;:&quot;number_text&quot;,&quot;step_icon_shape&quot;:&quot;circle&quot;}\" data-widget_type=\"form.default\">\n\t\t\t\t<div class=\"elementor-widget-container\">\n\t\t\t\t\t\t\t<form class=\"elementor-form\" method=\"post\" name=\"Formulaire page d&#039;accueil\" aria-label=\"Formulaire page d&#039;accueil\">\n\t\t\t<input type=\"hidden\" name=\"post_id\" value=\"66\"\/>\n\t\t\t<input type=\"hidden\" name=\"form_id\" value=\"86e8907\"\/>\n\t\t\t<input type=\"hidden\" name=\"referer_title\" value=\"Le Quartier francophone \u00c9vian\" \/>\n\n\t\t\t\n\t\t\t<div class=\"elementor-form-fields-wrapper elementor-labels-\">\n\t\t\t\t\t\t\t\t<div class=\"elementor-field-type-text elementor-field-group elementor-column elementor-field-group-name elementor-col-50 elementor-field-required\">\n\t\t\t\t\t\t\t\t\t\t\t\t<label for=\"form-field-name\" class=\"elementor-field-label elementor-screen-only\">\n\t\t\t\t\t\t\t\tNom\t\t\t\t\t\t\t<\/label>\n\t\t\t\t\t\t\t\t\t\t\t\t\t\t<input size=\"1\" type=\"text\" name=\"form_fields[name]\" id=\"form-field-name\" class=\"elementor-field elementor-size-md  elementor-field-textual\" placeholder=\"Nom\" required=\"required\">\n\t\t\t\t\t\t\t\t\t\t\t<\/div>\n\t\t\t\t\t\t\t\t<div class=\"elementor-field-type-text elementor-field-group elementor-column elementor-field-group-field_deeaa8f elementor-col-50 elementor-field-required\">\n\t\t\t\t\t\t\t\t\t\t\t\t<label for=\"form-field-field_deeaa8f\" class=\"elementor-field-label elementor-screen-only\">\n\t\t\t\t\t\t\t\tPr\u00e9nom\t\t\t\t\t\t\t<\/label>\n\t\t\t\t\t\t\t\t\t\t\t\t\t\t<input size=\"1\" type=\"text\" name=\"form_fields[field_deeaa8f]\" id=\"form-field-field_deeaa8f\" class=\"elementor-field elementor-size-md  elementor-field-textual\" placeholder=\"Pr\u00e9nom\" required=\"required\">\n\t\t\t\t\t\t\t\t\t\t\t<\/div>\n\t\t\t\t\t\t\t\t<div class=\"elementor-field-type-email elementor-field-group elementor-column elementor-field-group-email elementor-col-100 elementor-field-required\">\n\t\t\t\t\t\t\t\t\t\t\t\t<label for=\"form-field-email\" class=\"elementor-field-label elementor-screen-only\">\n\t\t\t\t\t\t\t\tEmail\t\t\t\t\t\t\t<\/label>\n\t\t\t\t\t\t\t\t\t\t\t\t\t\t<input size=\"1\" type=\"email\" name=\"form_fields[email]\" id=\"form-field-email\" class=\"elementor-field elementor-size-md  elementor-field-textual\" placeholder=\"Email\" required=\"required\">\n\t\t\t\t\t\t\t\t\t\t\t<\/div>\n\t\t\t\t\t\t\t\t<div class=\"elementor-field-type-tel elementor-field-group elementor-column elementor-field-group-field_4aaf1b2 elementor-col-100\">\n\t\t\t\t\t\t\t\t\t\t\t\t<label for=\"form-field-field_4aaf1b2\" class=\"elementor-field-label elementor-screen-only\">\n\t\t\t\t\t\t\t\tTelephone\t\t\t\t\t\t\t<\/label>\n\t\t\t\t\t\t\t\t<input size=\"1\" type=\"tel\" name=\"form_fields[field_4aaf1b2]\" id=\"form-field-field_4aaf1b2\" class=\"elementor-field elementor-size-md  elementor-field-textual\" placeholder=\"T\u00e9l\u00e9phone\" pattern=\"[0-9()#&amp;+*-=.]+\" title=\"Only numbers and phone characters (#, -, *, etc) are accepted.\">\n\n\t\t\t\t\t\t<\/div>\n\t\t\t\t\t\t\t\t<div class=\"elementor-field-type-textarea elementor-field-group elementor-column elementor-field-group-message elementor-col-100\">\n\t\t\t\t\t\t\t\t\t\t\t\t<label for=\"form-field-message\" class=\"elementor-field-label elementor-screen-only\">\n\t\t\t\t\t\t\t\tMessage\t\t\t\t\t\t\t<\/label>\n\t\t\t\t\t\t<textarea class=\"elementor-field-textual elementor-field  elementor-size-md\" name=\"form_fields[message]\" id=\"form-field-message\" rows=\"4\" placeholder=\"Message\"><\/textarea>\t\t\t\t<\/div>\n\t\t\t\t\t\t\t\t<div class=\"elementor-field-type-recaptcha_v3 elementor-field-group elementor-column elementor-field-group-field_de1b664 elementor-col-100 recaptcha_v3-inline\">\n\t\t\t\t\t<div class=\"elementor-field\" id=\"form-field-field_de1b664\"><div class=\"elementor-g-recaptcha\" data-sitekey=\"6LdtwWArAAAAAK3qyM3uKZJ6JTAX3R1sahAcD9uN\" data-type=\"v3\" data-action=\"Form\" data-badge=\"inline\" data-size=\"invisible\"><\/div><\/div>\t\t\t\t<\/div>\n\t\t\t\t\t\t\t\t<div class=\"elementor-field-group elementor-column elementor-field-type-submit elementor-col-50 e-form__buttons\">\n\t\t\t\t\t<button class=\"elementor-button elementor-size-md\" type=\"submit\">\n\t\t\t\t\t\t<span class=\"elementor-button-content-wrapper\">\n\t\t\t\t\t\t\t\t\t\t\t\t\t\t\t\t\t\t\t\t\t\t<span class=\"elementor-button-text\">Envoyer<\/span>\n\t\t\t\t\t\t\t\t\t\t\t\t\t<\/span>\n\t\t\t\t\t<\/button>\n\t\t\t\t<\/div>\n\t\t\t<\/div>\n\t\t<\/form>\n\t\t\t\t\t\t<\/div>\n\t\t\t\t<\/div>\n\t\t<div class=\"elementor-element elementor-element-1a5e607 e-con-full e-flex e-con e-child\" data-id=\"1a5e607\" data-element_type=\"container\">\n\t\t\t\t<div class=\"elementor-element elementor-element-d05db40 elementor-icon-list--layout-inline elementor-align-center elementor-list-item-link-inline elementor-mobile-align-center elementor-tablet-align-center elementor-widget-mobile__width-initial elementor-widget__width-initial elementor-widget elementor-widget-icon-list\" data-id=\"d05db40\" data-element_type=\"widget\" data-widget_type=\"icon-list.default\">\n\t\t\t\t<div class=\"elementor-widget-container\">\n\t\t\t\t\t\t\t<ul class=\"elementor-icon-list-items elementor-inline-items\">\n\t\t\t\t\t\t\t<li class=\"elementor-icon-list-item elementor-inline-item\">\n\t\t\t\t\t\t\t\t\t\t\t<a href=\"tel:+33634367970\">\n\n\t\t\t\t\t\t\t\t\t\t\t\t<span class=\"elementor-icon-list-icon\">\n\t\t\t\t\t\t\t<svg aria-hidden=\"true\" class=\"e-font-icon-svg e-fas-phone-alt\" viewBox=\"0 0 512 512\" xmlns=\"http:\/\/www.w3.org\/2000\/svg\"><path d=\"M497.39 361.8l-112-48a24 24 0 0 0-28 6.9l-49.6 60.6A370.66 370.66 0 0 1 130.6 204.11l60.6-49.6a23.94 23.94 0 0 0 6.9-28l-48-112A24.16 24.16 0 0 0 122.6.61l-104 24A24 24 0 0 0 0 48c0 256.5 207.9 464 464 464a24 24 0 0 0 23.4-18.6l24-104a24.29 24.29 0 0 0-14.01-27.6z\"><\/path><\/svg>\t\t\t\t\t\t<\/span>\n\t\t\t\t\t\t\t\t\t\t<span class=\"elementor-icon-list-text\">+ 33 6 34 36 79 70<\/span>\n\t\t\t\t\t\t\t\t\t\t\t<\/a>\n\t\t\t\t\t\t\t\t\t<\/li>\n\t\t\t\t\t\t<\/ul>\n\t\t\t\t\t\t<\/div>\n\t\t\t\t<\/div>\n\t\t\t\t<div class=\"elementor-element elementor-element-95ec33f elementor-icon-list--layout-inline elementor-align-center elementor-list-item-link-inline elementor-mobile-align-center elementor-tablet-align-center elementor-widget-mobile__width-initial elementor-widget__width-initial elementor-widget elementor-widget-icon-list\" data-id=\"95ec33f\" data-element_type=\"widget\" data-widget_type=\"icon-list.default\">\n\t\t\t\t<div class=\"elementor-widget-container\">\n\t\t\t\t\t\t\t<ul class=\"elementor-icon-list-items elementor-inline-items\">\n\t\t\t\t\t\t\t<li class=\"elementor-icon-list-item elementor-inline-item\">\n\t\t\t\t\t\t\t\t\t\t\t<a href=\"mailto:evian.contact@lequartierfrancophone.fr\">\n\n\t\t\t\t\t\t\t\t\t\t\t\t<span class=\"elementor-icon-list-icon\">\n\t\t\t\t\t\t\t<svg aria-hidden=\"true\" class=\"e-font-icon-svg e-far-envelope\" viewBox=\"0 0 512 512\" xmlns=\"http:\/\/www.w3.org\/2000\/svg\"><path d=\"M464 64H48C21.49 64 0 85.49 0 112v288c0 26.51 21.49 48 48 48h416c26.51 0 48-21.49 48-48V112c0-26.51-21.49-48-48-48zm0 48v40.805c-22.422 18.259-58.168 46.651-134.587 106.49-16.841 13.247-50.201 45.072-73.413 44.701-23.208.375-56.579-31.459-73.413-44.701C106.18 199.465 70.425 171.067 48 152.805V112h416zM48 400V214.398c22.914 18.251 55.409 43.862 104.938 82.646 21.857 17.205 60.134 55.186 103.062 54.955 42.717.231 80.509-37.199 103.053-54.947 49.528-38.783 82.032-64.401 104.947-82.653V400H48z\"><\/path><\/svg>\t\t\t\t\t\t<\/span>\n\t\t\t\t\t\t\t\t\t\t<span class=\"elementor-icon-list-text\">evian.contact@lequartierfrancophone.fr<\/span>\n\t\t\t\t\t\t\t\t\t\t\t<\/a>\n\t\t\t\t\t\t\t\t\t<\/li>\n\t\t\t\t\t\t<\/ul>\n\t\t\t\t\t\t<\/div>\n\t\t\t\t<\/div>\n\t\t\t\t<\/div>\n\t\t\t\t\t<\/div>\n\t\t\t\t<\/div>\n\t\t\t\t<\/div>\n\t\t","protected":false},"excerpt":{"rendered":"<p>Contactez-nous \u00e0 votre convenance ! + 33 6 34 36 79 70 evian.contact@lequartierfrancophone.fr<\/p>","protected":false},"author":4,"featured_media":2358,"parent":0,"menu_order":5,"comment_status":"closed","ping_status":"closed","template":"","meta":{"_acf_changed":false,"footnotes":""},"class_list":["post-66","page","type-page","status-publish","has-post-thumbnail","hentry"],"acf":[],"yoast_head":"<!-- This site is optimized with the Yoast SEO Premium plugin v24.1 (Yoast SEO v27.5) - https:\/\/yoast.com\/product\/yoast-seo-premium-wordpress\/ -->\n<title>Contact - Le Quartier francophone \u00c9vian<\/title>\n<meta name=\"robots\" content=\"index, follow, max-snippet:-1, max-image-preview:large, max-video-preview:-1\" \/>\n<link rel=\"canonical\" href=\"https:\/\/lequartierfrancophone.fr\/evian\/en\/contact\/\" \/>\n<meta property=\"og:locale\" content=\"en_US\" \/>\n<meta property=\"og:type\" content=\"article\" \/>\n<meta property=\"og:title\" content=\"Contact\" \/>\n<meta property=\"og:description\" content=\"Contactez-nous \u00e0 votre convenance. T\u00e9l\u00e9phone :06 34 36 79 70. Courriel : evian.contact@lequartierfrancophone.fr\" \/>\n<meta property=\"og:url\" content=\"https:\/\/lequartierfrancophone.fr\/evian\/en\/contact\/\" \/>\n<meta property=\"og:site_name\" content=\"Le Quartier francophone \u00c9vian\" \/>\n<meta property=\"article:publisher\" content=\"https:\/\/www.facebook.com\/lequartierfrancophoneleman\/\" \/>\n<meta property=\"article:modified_time\" content=\"2025-06-15T22:16:31+00:00\" \/>\n<meta property=\"og:image\" content=\"https:\/\/lequartierfrancophone.fr\/evian\/wp-content\/uploads\/2024\/09\/pratique-de-lecrit.jpg\" \/>\n\t<meta property=\"og:image:width\" content=\"1296\" \/>\n\t<meta property=\"og:image:height\" content=\"864\" \/>\n\t<meta property=\"og:image:type\" content=\"image\/jpeg\" \/>\n<meta name=\"twitter:card\" content=\"summary_large_image\" \/>\n<meta name=\"twitter:label1\" content=\"Est. reading time\" \/>\n\t<meta name=\"twitter:data1\" content=\"1 minute\" \/>\n<script type=\"application\/ld+json\" class=\"yoast-schema-graph\">{\"@context\":\"https:\\\/\\\/schema.org\",\"@graph\":[{\"@type\":\"WebPage\",\"@id\":\"https:\\\/\\\/lequartierfrancophone.fr\\\/evian\\\/contact\\\/\",\"url\":\"https:\\\/\\\/lequartierfrancophone.fr\\\/evian\\\/contact\\\/\",\"name\":\"Contact - Le Quartier francophone \u00c9vian\",\"isPartOf\":{\"@id\":\"https:\\\/\\\/lequartierfrancophone.fr\\\/evian\\\/#website\"},\"primaryImageOfPage\":{\"@id\":\"https:\\\/\\\/lequartierfrancophone.fr\\\/evian\\\/contact\\\/#primaryimage\"},\"image\":{\"@id\":\"https:\\\/\\\/lequartierfrancophone.fr\\\/evian\\\/contact\\\/#primaryimage\"},\"thumbnailUrl\":\"https:\\\/\\\/lequartierfrancophone.fr\\\/evian\\\/wp-content\\\/uploads\\\/2024\\\/09\\\/pratique-de-lecrit.jpg\",\"datePublished\":\"2024-08-10T12:44:35+00:00\",\"dateModified\":\"2025-06-15T22:16:31+00:00\",\"breadcrumb\":{\"@id\":\"https:\\\/\\\/lequartierfrancophone.fr\\\/evian\\\/contact\\\/#breadcrumb\"},\"inLanguage\":\"en-US\",\"potentialAction\":[{\"@type\":\"ReadAction\",\"target\":[\"https:\\\/\\\/lequartierfrancophone.fr\\\/evian\\\/contact\\\/\"]}]},{\"@type\":\"ImageObject\",\"inLanguage\":\"en-US\",\"@id\":\"https:\\\/\\\/lequartierfrancophone.fr\\\/evian\\\/contact\\\/#primaryimage\",\"url\":\"https:\\\/\\\/lequartierfrancophone.fr\\\/evian\\\/wp-content\\\/uploads\\\/2024\\\/09\\\/pratique-de-lecrit.jpg\",\"contentUrl\":\"https:\\\/\\\/lequartierfrancophone.fr\\\/evian\\\/wp-content\\\/uploads\\\/2024\\\/09\\\/pratique-de-lecrit.jpg\",\"width\":1296,\"height\":864},{\"@type\":\"BreadcrumbList\",\"@id\":\"https:\\\/\\\/lequartierfrancophone.fr\\\/evian\\\/contact\\\/#breadcrumb\",\"itemListElement\":[{\"@type\":\"ListItem\",\"position\":1,\"name\":\"Accueil\",\"item\":\"https:\\\/\\\/lequartierfrancophone.fr\\\/evian\\\/\"},{\"@type\":\"ListItem\",\"position\":2,\"name\":\"Contact\"}]},{\"@type\":\"WebSite\",\"@id\":\"https:\\\/\\\/lequartierfrancophone.fr\\\/evian\\\/#website\",\"url\":\"https:\\\/\\\/lequartierfrancophone.fr\\\/evian\\\/\",\"name\":\"Cours de fran\u00e7ais en ligne et en face \u00e0 face Le Quartier Francophone L\u00e9man\",\"description\":\"S&#039;int\u00e9grer linguistiquement, culturellement et professionnellement\",\"publisher\":{\"@id\":\"https:\\\/\\\/lequartierfrancophone.fr\\\/evian\\\/#organization\"},\"potentialAction\":[{\"@type\":\"SearchAction\",\"target\":{\"@type\":\"EntryPoint\",\"urlTemplate\":\"https:\\\/\\\/lequartierfrancophone.fr\\\/evian\\\/?s={search_term_string}\"},\"query-input\":{\"@type\":\"PropertyValueSpecification\",\"valueRequired\":true,\"valueName\":\"search_term_string\"}}],\"inLanguage\":\"en-US\"},{\"@type\":\"Organization\",\"@id\":\"https:\\\/\\\/lequartierfrancophone.fr\\\/evian\\\/#organization\",\"name\":\"Le Quartier Francophone L\u00e9man\",\"url\":\"https:\\\/\\\/lequartierfrancophone.fr\\\/evian\\\/\",\"logo\":{\"@type\":\"ImageObject\",\"inLanguage\":\"en-US\",\"@id\":\"https:\\\/\\\/lequartierfrancophone.fr\\\/evian\\\/#\\\/schema\\\/logo\\\/image\\\/\",\"url\":\"https:\\\/\\\/lequartierfrancophone.fr\\\/evian\\\/wp-content\\\/uploads\\\/2024\\\/10\\\/open-graph-1.png\",\"contentUrl\":\"https:\\\/\\\/lequartierfrancophone.fr\\\/evian\\\/wp-content\\\/uploads\\\/2024\\\/10\\\/open-graph-1.png\",\"width\":1200,\"height\":323,\"caption\":\"Le Quartier Francophone L\u00e9man\"},\"image\":{\"@id\":\"https:\\\/\\\/lequartierfrancophone.fr\\\/evian\\\/#\\\/schema\\\/logo\\\/image\\\/\"},\"sameAs\":[\"https:\\\/\\\/www.facebook.com\\\/lequartierfrancophoneleman\\\/\",\"https:\\\/\\\/www.instagram.com\\\/lequartierfrancophone_leman\\\/\"]}]}<\/script>\n<!-- \/ Yoast SEO Premium plugin. -->","yoast_head_json":{"title":"Contact - Le Quartier francophone \u00c9vian","robots":{"index":"index","follow":"follow","max-snippet":"max-snippet:-1","max-image-preview":"max-image-preview:large","max-video-preview":"max-video-preview:-1"},"canonical":"https:\/\/lequartierfrancophone.fr\/evian\/en\/contact\/","og_locale":"en_US","og_type":"article","og_title":"Contact","og_description":"Contactez-nous \u00e0 votre convenance. T\u00e9l\u00e9phone :06 34 36 79 70. Courriel : evian.contact@lequartierfrancophone.fr","og_url":"https:\/\/lequartierfrancophone.fr\/evian\/en\/contact\/","og_site_name":"Le Quartier francophone \u00c9vian","article_publisher":"https:\/\/www.facebook.com\/lequartierfrancophoneleman\/","article_modified_time":"2025-06-15T22:16:31+00:00","og_image":[{"width":1296,"height":864,"url":"https:\/\/lequartierfrancophone.fr\/evian\/wp-content\/uploads\/2024\/09\/pratique-de-lecrit.jpg","type":"image\/jpeg"}],"twitter_card":"summary_large_image","twitter_misc":{"Est. reading time":"1 minute"},"schema":{"@context":"https:\/\/schema.org","@graph":[{"@type":"WebPage","@id":"https:\/\/lequartierfrancophone.fr\/evian\/contact\/","url":"https:\/\/lequartierfrancophone.fr\/evian\/contact\/","name":"Contact - Le Quartier francophone \u00c9vian","isPartOf":{"@id":"https:\/\/lequartierfrancophone.fr\/evian\/#website"},"primaryImageOfPage":{"@id":"https:\/\/lequartierfrancophone.fr\/evian\/contact\/#primaryimage"},"image":{"@id":"https:\/\/lequartierfrancophone.fr\/evian\/contact\/#primaryimage"},"thumbnailUrl":"https:\/\/lequartierfrancophone.fr\/evian\/wp-content\/uploads\/2024\/09\/pratique-de-lecrit.jpg","datePublished":"2024-08-10T12:44:35+00:00","dateModified":"2025-06-15T22:16:31+00:00","breadcrumb":{"@id":"https:\/\/lequartierfrancophone.fr\/evian\/contact\/#breadcrumb"},"inLanguage":"en-US","potentialAction":[{"@type":"ReadAction","target":["https:\/\/lequartierfrancophone.fr\/evian\/contact\/"]}]},{"@type":"ImageObject","inLanguage":"en-US","@id":"https:\/\/lequartierfrancophone.fr\/evian\/contact\/#primaryimage","url":"https:\/\/lequartierfrancophone.fr\/evian\/wp-content\/uploads\/2024\/09\/pratique-de-lecrit.jpg","contentUrl":"https:\/\/lequartierfrancophone.fr\/evian\/wp-content\/uploads\/2024\/09\/pratique-de-lecrit.jpg","width":1296,"height":864},{"@type":"BreadcrumbList","@id":"https:\/\/lequartierfrancophone.fr\/evian\/contact\/#breadcrumb","itemListElement":[{"@type":"ListItem","position":1,"name":"Accueil","item":"https:\/\/lequartierfrancophone.fr\/evian\/"},{"@type":"ListItem","position":2,"name":"Contact"}]},{"@type":"WebSite","@id":"https:\/\/lequartierfrancophone.fr\/evian\/#website","url":"https:\/\/lequartierfrancophone.fr\/evian\/","name":"Online and face-to-face French courses Le Quartier Francophone L\u00e9man","description":"Integrate linguistically, culturally and professionally","publisher":{"@id":"https:\/\/lequartierfrancophone.fr\/evian\/#organization"},"potentialAction":[{"@type":"SearchAction","target":{"@type":"EntryPoint","urlTemplate":"https:\/\/lequartierfrancophone.fr\/evian\/?s={search_term_string}"},"query-input":{"@type":"PropertyValueSpecification","valueRequired":true,"valueName":"search_term_string"}}],"inLanguage":"en-US"},{"@type":"Organization","@id":"https:\/\/lequartierfrancophone.fr\/evian\/#organization","name":"Le Quartier Francophone L\u00e9man","url":"https:\/\/lequartierfrancophone.fr\/evian\/","logo":{"@type":"ImageObject","inLanguage":"en-US","@id":"https:\/\/lequartierfrancophone.fr\/evian\/#\/schema\/logo\/image\/","url":"https:\/\/lequartierfrancophone.fr\/evian\/wp-content\/uploads\/2024\/10\/open-graph-1.png","contentUrl":"https:\/\/lequartierfrancophone.fr\/evian\/wp-content\/uploads\/2024\/10\/open-graph-1.png","width":1200,"height":323,"caption":"Le Quartier Francophone L\u00e9man"},"image":{"@id":"https:\/\/lequartierfrancophone.fr\/evian\/#\/schema\/logo\/image\/"},"sameAs":["https:\/\/www.facebook.com\/lequartierfrancophoneleman\/","https:\/\/www.instagram.com\/lequartierfrancophone_leman\/"]}]}},"_links":{"self":[{"href":"https:\/\/lequartierfrancophone.fr\/evian\/en\/wp-json\/wp\/v2\/pages\/66","targetHints":{"allow":["GET"]}}],"collection":[{"href":"https:\/\/lequartierfrancophone.fr\/evian\/en\/wp-json\/wp\/v2\/pages"}],"about":[{"href":"https:\/\/lequartierfrancophone.fr\/evian\/en\/wp-json\/wp\/v2\/types\/page"}],"author":[{"embeddable":true,"href":"https:\/\/lequartierfrancophone.fr\/evian\/en\/wp-json\/wp\/v2\/users\/4"}],"replies":[{"embeddable":true,"href":"https:\/\/lequartierfrancophone.fr\/evian\/en\/wp-json\/wp\/v2\/comments?post=66"}],"version-history":[{"count":19,"href":"https:\/\/lequartierfrancophone.fr\/evian\/en\/wp-json\/wp\/v2\/pages\/66\/revisions"}],"predecessor-version":[{"id":26501,"href":"https:\/\/lequartierfrancophone.fr\/evian\/en\/wp-json\/wp\/v2\/pages\/66\/revisions\/26501"}],"wp:featuredmedia":[{"embeddable":true,"href":"https:\/\/lequartierfrancophone.fr\/evian\/en\/wp-json\/wp\/v2\/media\/2358"}],"wp:attachment":[{"href":"https:\/\/lequartierfrancophone.fr\/evian\/en\/wp-json\/wp\/v2\/media?parent=66"}],"curies":[{"name":"wp","href":"https:\/\/api.w.org\/{rel}","templated":true}]}}